{"id":705,"date":"2026-03-20T01:41:14","date_gmt":"2026-03-20T01:41:14","guid":{"rendered":"https:\/\/blakestreetenergy.com\/?page_id=705"},"modified":"2026-04-20T15:53:31","modified_gmt":"2026-04-20T15:53:31","slug":"our-project","status":"publish","type":"page","link":"https:\/\/blakestreetenergy.com\/fr\/our-project\/","title":{"rendered":"Our Project"},"content":{"rendered":"<div data-elementor-type=\"wp-page\" data-elementor-id=\"705\" class=\"elementor elementor-705\" data-elementor-post-type=\"page\">\n\t\t\t\t<div class=\"elementor-element elementor-element-1987dc83 e-flex e-con-boxed e-con e-parent\" data-id=\"1987dc83\" data-element_type=\"container\" data-e-type=\"container\" data-settings=\"{&quot;background_background&quot;:&quot;classic&quot;}\">\n\t\t\t\t\t<div class=\"e-con-inner\">\n\t\t<div class=\"elementor-element elementor-element-66692775 e-flex e-con-boxed e-con e-child\" data-id=\"66692775\" data-element_type=\"container\" data-e-type=\"container\">\n\t\t\t\t\t<div class=\"e-con-inner\">\n\t\t\t\t<div class=\"elementor-element elementor-element-63978927 elementor-widget elementor-widget-heading\" data-id=\"63978927\" data-element_type=\"widget\" data-e-type=\"widget\" data-widget_type=\"heading.default\">\n\t\t\t\t\t<h2 class=\"elementor-heading-title elementor-size-default\">Nos projets<\/h2>\t\t\t\t<\/div>\n\t\t\t\t<div class=\"elementor-element elementor-element-344f940 elementor-widget elementor-widget-elementskit-heading\" data-id=\"344f940\" data-element_type=\"widget\" data-e-type=\"widget\" data-widget_type=\"elementskit-heading.default\">\n\t\t\t\t\t<div class=\"ekit-wid-con\" ><div class=\"ekit-heading elementskit-section-title-wraper text_center   ekit_heading_tablet-   ekit_heading_mobile-\"><h2 class=\"ekit-heading--title elementskit-section-title text_fill\">Providing Battery Energy Storage Project Development Expertise and Solutions<\/h2><\/div><\/div>\t\t\t\t<\/div>\n\t\t\t\t\t<\/div>\n\t\t\t\t<\/div>\n\t\t\t\t\t<\/div>\n\t\t\t\t<\/div>\n\t\t<div class=\"elementor-element elementor-element-55c26fc e-flex e-con-boxed e-con e-parent\" data-id=\"55c26fc\" data-element_type=\"container\" data-e-type=\"container\" data-settings=\"{&quot;background_background&quot;:&quot;classic&quot;}\">\n\t\t\t\t\t<div class=\"e-con-inner\">\n\t\t<div class=\"elementor-element elementor-element-edb2844 e-con-full e-flex e-con e-child\" data-id=\"edb2844\" data-element_type=\"container\" data-e-type=\"container\" data-settings=\"{&quot;background_background&quot;:&quot;classic&quot;}\">\n\t\t\t\t<div class=\"elementor-element elementor-element-577f327 elementor-widget elementor-widget-spacer\" data-id=\"577f327\" data-element_type=\"widget\" data-e-type=\"widget\" data-widget_type=\"spacer.default\">\n\t\t\t\t\t\t\t<div class=\"elementor-spacer\">\n\t\t\t<div class=\"elementor-spacer-inner\"><\/div>\n\t\t<\/div>\n\t\t\t\t\t\t<\/div>\n\t\t\t\t<\/div>\n\t\t<div class=\"elementor-element elementor-element-a9631e7 e-con-full e-flex e-con e-child\" data-id=\"a9631e7\" data-element_type=\"container\" data-e-type=\"container\">\n\t\t\t\t<div class=\"elementor-element elementor-element-2ce43fc elementor-invisible elementor-widget elementor-widget-heading\" data-id=\"2ce43fc\" data-element_type=\"widget\" data-e-type=\"widget\" data-settings=\"{&quot;_animation&quot;:&quot;fadeInUp&quot;}\" data-widget_type=\"heading.default\">\n\t\t\t\t\t<h2 class=\"elementor-heading-title elementor-size-default\">Projets de stockage par batterie<\/h2>\t\t\t\t<\/div>\n\t\t<div class=\"elementor-element elementor-element-c918bc8 e-flex e-con-boxed e-con e-child\" data-id=\"c918bc8\" data-element_type=\"container\" data-e-type=\"container\">\n\t\t\t\t\t<div class=\"e-con-inner\">\n\t\t\t\t<div class=\"elementor-element elementor-element-f83a97c elementor-widget elementor-widget-text-editor\" data-id=\"f83a97c\" data-element_type=\"widget\" data-e-type=\"widget\" data-widget_type=\"text-editor.default\">\n\t\t\t\t\t\t\t\t\t<p>Blake Street Energy staff has been providing battery energy storage project expertise since 2018. \u00a0We have developed over 30 projects in CAISO at the distribution level, totaling over 300 MW, and provided expertise to over 50 clients developing projects at higher voltages throughout the United States.<\/p>\t\t\t\t\t\t\t\t<\/div>\n\t\t\t\t\t<\/div>\n\t\t\t\t<\/div>\n\t\t\t\t<\/div>\n\t\t\t\t\t<\/div>\n\t\t\t\t<\/div>\n\t\t<div class=\"elementor-element elementor-element-fcbcc6f e-flex e-con-boxed e-con e-parent\" data-id=\"fcbcc6f\" data-element_type=\"container\" data-e-type=\"container\" data-settings=\"{&quot;background_background&quot;:&quot;classic&quot;}\">\n\t\t\t\t\t<div class=\"e-con-inner\">\n\t\t<div class=\"elementor-element elementor-element-e22d3c6 e-con-full e-flex e-con e-child\" data-id=\"e22d3c6\" data-element_type=\"container\" data-e-type=\"container\" data-settings=\"{&quot;background_background&quot;:&quot;classic&quot;}\">\n\t\t\t\t<div class=\"elementor-element elementor-element-bf2d9ba elementor-widget elementor-widget-spacer\" data-id=\"bf2d9ba\" data-element_type=\"widget\" data-e-type=\"widget\" data-widget_type=\"spacer.default\">\n\t\t\t\t\t\t\t<div class=\"elementor-spacer\">\n\t\t\t<div class=\"elementor-spacer-inner\"><\/div>\n\t\t<\/div>\n\t\t\t\t\t\t<\/div>\n\t\t\t\t<\/div>\n\t\t<div class=\"elementor-element elementor-element-d4e3060 e-con-full e-flex e-con e-child\" data-id=\"d4e3060\" data-element_type=\"container\" data-e-type=\"container\">\n\t\t\t\t<div class=\"elementor-element elementor-element-700cb9b elementor-invisible elementor-widget elementor-widget-heading\" data-id=\"700cb9b\" data-element_type=\"widget\" data-e-type=\"widget\" data-settings=\"{&quot;_animation&quot;:&quot;fadeInUp&quot;}\" data-widget_type=\"heading.default\">\n\t\t\t\t\t<h2 class=\"elementor-heading-title elementor-size-default\">Production d\u2019\u00e9lectricit\u00e9 \u00e0 partir de gaz naturel<\/h2>\t\t\t\t<\/div>\n\t\t<div class=\"elementor-element elementor-element-3196809 e-flex e-con-boxed e-con e-child\" data-id=\"3196809\" data-element_type=\"container\" data-e-type=\"container\">\n\t\t\t\t\t<div class=\"e-con-inner\">\n\t\t\t\t<div class=\"elementor-element elementor-element-701f295 elementor-widget elementor-widget-text-editor\" data-id=\"701f295\" data-element_type=\"widget\" data-e-type=\"widget\" data-widget_type=\"text-editor.default\">\n\t\t\t\t\t\t\t\t\t<p>The Blake Street Energy team has led the successful financial closings for approximately 20 natural gas-fired power plants totaling nearly USD 10 billion and 6,000 megawatts in the USA and Dubai.\u00a0<\/p>\t\t\t\t\t\t\t\t<\/div>\n\t\t\t\t\t<\/div>\n\t\t\t\t<\/div>\n\t\t\t\t<\/div>\n\t\t\t\t\t<\/div>\n\t\t\t\t<\/div>\n\t\t<div class=\"elementor-element elementor-element-627ab215 e-flex e-con-boxed e-con e-parent\" data-id=\"627ab215\" data-element_type=\"container\" data-e-type=\"container\" data-settings=\"{&quot;background_background&quot;:&quot;classic&quot;}\">\n\t\t\t\t\t<div class=\"e-con-inner\">\n\t\t<div class=\"elementor-element elementor-element-10251f7a e-con-full e-flex e-con e-child\" data-id=\"10251f7a\" data-element_type=\"container\" data-e-type=\"container\" data-settings=\"{&quot;background_background&quot;:&quot;classic&quot;}\">\n\t\t\t\t<div class=\"elementor-element elementor-element-2b8e85fd elementor-widget elementor-widget-spacer\" data-id=\"2b8e85fd\" data-element_type=\"widget\" data-e-type=\"widget\" data-widget_type=\"spacer.default\">\n\t\t\t\t\t\t\t<div class=\"elementor-spacer\">\n\t\t\t<div class=\"elementor-spacer-inner\"><\/div>\n\t\t<\/div>\n\t\t\t\t\t\t<\/div>\n\t\t\t\t<\/div>\n\t\t<div class=\"elementor-element elementor-element-3fc22d87 e-con-full e-flex e-con e-child\" data-id=\"3fc22d87\" data-element_type=\"container\" data-e-type=\"container\">\n\t\t\t\t<div class=\"elementor-element elementor-element-766f10d2 elementor-invisible elementor-widget elementor-widget-heading\" data-id=\"766f10d2\" data-element_type=\"widget\" data-e-type=\"widget\" data-settings=\"{&quot;_animation&quot;:&quot;fadeInUp&quot;}\" data-widget_type=\"heading.default\">\n\t\t\t\t\t<h2 class=\"elementor-heading-title elementor-size-default\">Valorisation \u00e9nerg\u00e9tique des d\u00e9chets <\/h2>\t\t\t\t<\/div>\n\t\t<div class=\"elementor-element elementor-element-35e2c60a e-flex e-con-boxed e-con e-child\" data-id=\"35e2c60a\" data-element_type=\"container\" data-e-type=\"container\">\n\t\t\t\t\t<div class=\"e-con-inner\">\n\t\t\t\t<div class=\"elementor-element elementor-element-f3be0b9 elementor-widget elementor-widget-text-editor\" data-id=\"f3be0b9\" data-element_type=\"widget\" data-e-type=\"widget\" data-widget_type=\"text-editor.default\">\n\t\t\t\t\t\t\t\t\t<p>The Blake Street Energy team has developed several waste-to-energy and waste recycling projects in the USA, the US Virgin Islands (St Croix and St Thomas), and several cities in Russia.\u00a0<\/p>\t\t\t\t\t\t\t\t<\/div>\n\t\t\t\t\t<\/div>\n\t\t\t\t<\/div>\n\t\t\t\t<\/div>\n\t\t\t\t\t<\/div>\n\t\t\t\t<\/div>\n\t\t\t\t<\/div>","protected":false},"excerpt":{"rendered":"<p>Our Projects Providing Battery Energy Storage Project Development Expertise and Solutions Battery Storage Projects Blake Street Energy staff has been providing battery energy storage project expertise since 2018. \u00a0We have developed over 30 projects in CAISO at the distribution level, totaling over 300 MW, and provided expertise to over 50 clients developing projects at higher [&hellip;]<\/p>\n","protected":false},"author":1,"featured_media":0,"parent":0,"menu_order":0,"comment_status":"closed","ping_status":"closed","template":"elementor_header_footer","meta":{"footnotes":""},"class_list":["post-705","page","type-page","status-publish","hentry"],"_links":{"self":[{"href":"https:\/\/blakestreetenergy.com\/fr\/wp-json\/wp\/v2\/pages\/705","targetHints":{"allow":["GET"]}}],"collection":[{"href":"https:\/\/blakestreetenergy.com\/fr\/wp-json\/wp\/v2\/pages"}],"about":[{"href":"https:\/\/blakestreetenergy.com\/fr\/wp-json\/wp\/v2\/types\/page"}],"author":[{"embeddable":true,"href":"https:\/\/blakestreetenergy.com\/fr\/wp-json\/wp\/v2\/users\/1"}],"replies":[{"embeddable":true,"href":"https:\/\/blakestreetenergy.com\/fr\/wp-json\/wp\/v2\/comments?post=705"}],"version-history":[{"count":40,"href":"https:\/\/blakestreetenergy.com\/fr\/wp-json\/wp\/v2\/pages\/705\/revisions"}],"predecessor-version":[{"id":1270,"href":"https:\/\/blakestreetenergy.com\/fr\/wp-json\/wp\/v2\/pages\/705\/revisions\/1270"}],"wp:attachment":[{"href":"https:\/\/blakestreetenergy.com\/fr\/wp-json\/wp\/v2\/media?parent=705"}],"curies":[{"name":"wp","href":"https:\/\/api.w.org\/{rel}","templated":true}]}}