{"id":482,"date":"2026-03-08T08:10:56","date_gmt":"2026-03-08T08:10:56","guid":{"rendered":"https:\/\/blakestreetenergy.com\/?page_id=482"},"modified":"2026-03-08T08:11:33","modified_gmt":"2026-03-08T08:11:33","slug":"cookies-policy","status":"publish","type":"page","link":"https:\/\/blakestreetenergy.com\/fr\/cookies-policy\/","title":{"rendered":"Politique relative aux cookies"},"content":{"rendered":"<div data-elementor-type=\"wp-page\" data-elementor-id=\"482\" class=\"elementor elementor-482\" data-elementor-post-type=\"page\">\n\t\t\t\t<div class=\"elementor-element elementor-element-4a3257d e-flex e-con-boxed e-con e-parent\" data-id=\"4a3257d\" data-element_type=\"container\" data-e-type=\"container\" data-settings=\"{&quot;background_background&quot;:&quot;classic&quot;}\">\n\t\t\t\t\t<div class=\"e-con-inner\">\n\t\t<div class=\"elementor-element elementor-element-6152fc1 e-flex e-con-boxed e-con e-child\" data-id=\"6152fc1\" data-element_type=\"container\" data-e-type=\"container\">\n\t\t\t\t\t<div class=\"e-con-inner\">\n\t\t\t\t<div class=\"elementor-element elementor-element-a94e115 elementor-widget elementor-widget-elementskit-heading\" data-id=\"a94e115\" data-element_type=\"widget\" data-e-type=\"widget\" data-widget_type=\"elementskit-heading.default\">\n\t\t\t\t\t<div class=\"ekit-wid-con\" ><div class=\"ekit-heading elementskit-section-title-wraper text_center   ekit_heading_tablet-   ekit_heading_mobile-\"><h2 class=\"ekit-heading--title elementskit-section-title text_fill\">Politique relative aux cookies<\/h2><\/div><\/div>\t\t\t\t<\/div>\n\t\t\t\t\t<\/div>\n\t\t\t\t<\/div>\n\t\t\t\t\t<\/div>\n\t\t\t\t<\/div>\n\t\t<div class=\"elementor-element elementor-element-7ba8276 e-flex e-con-boxed e-con e-parent\" data-id=\"7ba8276\" data-element_type=\"container\" data-e-type=\"container\">\n\t\t\t\t\t<div class=\"e-con-inner\">\n\t\t\t\t<div class=\"elementor-element elementor-element-7c08cb2 elementor-widget elementor-widget-text-editor\" data-id=\"7c08cb2\" data-element_type=\"widget\" data-e-type=\"widget\" data-widget_type=\"text-editor.default\">\n\t\t\t\t\t\t\t\t\t<p data-start=\"16853\" data-end=\"17011\">La pr\u00e9sente Politique relative aux cookies explique comment Blake Street Energy utilise les cookies et des technologies similaires sur son site web. Elle doit \u00eatre lue conjointement avec notre Politique de confidentialit\u00e9.<\/p><p data-start=\"17013\" data-end=\"17193\">En continuant \u00e0 utiliser notre site web, vous acceptez l\u2019utilisation des cookies telle que d\u00e9crite dans la pr\u00e9sente Politique relative aux cookies, sauf si vous les avez d\u00e9sactiv\u00e9s via les param\u00e8tres de votre navigateur ou de consentement.<\/p><h2 data-section-id=\"92n4s1\" data-start=\"17195\" data-end=\"17217\">1. Que sont les cookies ?<\/h2><p data-start=\"17219\" data-end=\"17594\">Les cookies sont de petits fichiers texte plac\u00e9s sur votre appareil lorsque vous visitez un site web. Ils aident les sites \u00e0 fonctionner correctement, \u00e0 m\u00e9moriser les pr\u00e9f\u00e9rences des utilisateurs, \u00e0 am\u00e9liorer les performances et \u00e0 fournir des analyses. Les cookies peuvent \u00eatre des cookies de session, ce qui signifie qu\u2019ils expirent lorsque vous fermez votre navigateur, ou des cookies persistants, ce qui signifie qu\u2019ils restent sur votre appareil pendant une p\u00e9riode d\u00e9finie ou jusqu\u2019\u00e0 ce que vous les supprimiez.<\/p><h2 data-section-id=\"1r2odw9\" data-start=\"17596\" data-end=\"17620\">2. Pourquoi utilisons-nous des cookies ?<\/h2><p data-start=\"17622\" data-end=\"17686\">Blake Street Energy peut utiliser des cookies et des technologies similaires afin de :<\/p><ul data-start=\"17687\" data-end=\"17941\"><li data-section-id=\"kozl36\" data-start=\"17687\" data-end=\"17722\"><p data-start=\"17689\" data-end=\"17722\">Assurer le bon fonctionnement du site web<\/p><\/li><li data-section-id=\"nkl525\" data-start=\"17723\" data-end=\"17762\"><p data-start=\"17725\" data-end=\"17762\">Am\u00e9liorer les performances et la rapidit\u00e9 du site<\/p><\/li><li data-section-id=\"17tfowm\" data-start=\"17763\" data-end=\"17790\"><p data-start=\"17765\" data-end=\"17790\">M\u00e9moriser vos pr\u00e9f\u00e9rences<\/p><\/li><li data-section-id=\"1nal6he\" data-start=\"17791\" data-end=\"17829\"><p data-start=\"17793\" data-end=\"17829\">Comprendre comment les visiteurs utilisent le site<\/p><\/li><li data-section-id=\"1l3j0l6\" data-start=\"17830\" data-end=\"17867\"><p data-start=\"17832\" data-end=\"17867\">Mesurer le trafic et l\u2019engagement des utilisateurs<\/p><\/li><li data-section-id=\"jaugru\" data-start=\"17868\" data-end=\"17894\"><p data-start=\"17870\" data-end=\"17894\">Renforcer la s\u00e9curit\u00e9 du site web<\/p><\/li><li data-section-id=\"5lg2t\" data-start=\"17895\" data-end=\"17941\"><p data-start=\"17897\" data-end=\"17941\">Am\u00e9liorer le contenu, la mise en page et l\u2019exp\u00e9rience utilisateur<\/p><\/li><\/ul><h2 data-section-id=\"37bxah\" data-start=\"17943\" data-end=\"17976\">3. Types de cookies que nous pouvons utiliser<\/h2><h3 data-section-id=\"vci5u7\" data-start=\"17978\" data-end=\"17999\">Cookies essentiels<\/h3><p data-start=\"18000\" data-end=\"18246\">Ces cookies sont n\u00e9cessaires au bon fonctionnement du site web. Ils peuvent prendre en charge la navigation entre les pages, les fonctionnalit\u00e9s de s\u00e9curit\u00e9, l\u2019envoi de formulaires et l\u2019acc\u00e8s aux fonctions essentielles du site. Sans ces cookies, certaines parties du site peuvent ne pas fonctionner correctement.<\/p><h3 data-section-id=\"1ky5bg4\" data-start=\"18248\" data-end=\"18285\">Cookies de performance et d\u2019analyse<\/h3><p data-start=\"18286\" data-end=\"18538\">Ces cookies nous aident \u00e0 comprendre comment les visiteurs interagissent avec le site web en collectant des informations telles que les visites de pages, les sources de trafic, le temps pass\u00e9 sur les pages et les parcours de navigation. Ces informations sont g\u00e9n\u00e9ralement agr\u00e9g\u00e9es et utilis\u00e9es pour am\u00e9liorer le site web.<\/p><h3 data-section-id=\"lad5em\" data-start=\"18540\" data-end=\"18562\">Cookies fonctionnels<\/h3><p data-start=\"18563\" data-end=\"18734\">Ces cookies permettent au site web de m\u00e9moriser les choix que vous effectuez, tels que les pr\u00e9f\u00e9rences linguistiques ou certains param\u00e8tres d\u2019affichage, afin d\u2019offrir une exp\u00e9rience de navigation plus personnalis\u00e9e.<\/p><h3 data-section-id=\"1h4rlzb\" data-start=\"18736\" data-end=\"18756\">Cookies de s\u00e9curit\u00e9<\/h3><p data-start=\"18757\" data-end=\"18901\">Ces cookies peuvent \u00eatre utilis\u00e9s pour aider \u00e0 d\u00e9tecter les utilisations abusives, prot\u00e9ger le site web contre les activit\u00e9s malveillantes et assurer le bon fonctionnement s\u00e9curis\u00e9 des formulaires ou des sessions.<\/p><h3 data-section-id=\"jrlj01\" data-start=\"18903\" data-end=\"18926\">Cookies de tiers<\/h3><p data-start=\"18927\" data-end=\"19242\">Certains services tiers int\u00e9gr\u00e9s ou connect\u00e9s au site web, tels que les fournisseurs d\u2019analyses, les cartes, les plateformes vid\u00e9o ou les outils de s\u00e9curit\u00e9, peuvent placer leurs propres cookies sur votre appareil. Blake Street Energy ne contr\u00f4le pas les cookies de tiers et recommande de consulter les politiques de confidentialit\u00e9 et de cookies de ces fournisseurs.<\/p><h2 data-section-id=\"1mzfxhc\" data-start=\"19244\" data-end=\"19287\">4. Informations collect\u00e9es par le biais des cookies<\/h2><p data-start=\"19289\" data-end=\"19354\">Selon les cookies utilis\u00e9s, les informations collect\u00e9es peuvent inclure :<\/p><ul data-start=\"19355\" data-end=\"19560\"><li data-section-id=\"1w1hmsn\" data-start=\"19355\" data-end=\"19367\"><p data-start=\"19357\" data-end=\"19367\">Adresse IP<\/p><\/li><li data-section-id=\"16hguyw\" data-start=\"19368\" data-end=\"19381\"><p data-start=\"19370\" data-end=\"19381\">Type d\u2019appareil<\/p><\/li><li data-section-id=\"3dctr0\" data-start=\"19382\" data-end=\"19396\"><p data-start=\"19384\" data-end=\"19396\">Type de navigateur<\/p><\/li><li data-section-id=\"1u8gsi8\" data-start=\"19397\" data-end=\"19415\"><p data-start=\"19399\" data-end=\"19415\">Syst\u00e8me d\u2019exploitation<\/p><\/li><li data-section-id=\"1pdnzyw\" data-start=\"19416\" data-end=\"19431\"><p data-start=\"19418\" data-end=\"19431\">Pages visit\u00e9es<\/p><\/li><li data-section-id=\"1sn4hhz\" data-start=\"19432\" data-end=\"19447\"><p data-start=\"19434\" data-end=\"19447\">URL de provenance<\/p><\/li><li data-section-id=\"zjt5ru\" data-start=\"19448\" data-end=\"19472\"><p data-start=\"19450\" data-end=\"19472\">Date et heure de la visite<\/p><\/li><li data-section-id=\"5lvcwy\" data-start=\"19473\" data-end=\"19491\"><p data-start=\"19475\" data-end=\"19491\">Activit\u00e9 sur le site<\/p><\/li><li data-section-id=\"uks39p\" data-start=\"19492\" data-end=\"19519\"><p data-start=\"19494\" data-end=\"19519\">R\u00e9gion g\u00e9ographique g\u00e9n\u00e9rale<\/p><\/li><li data-section-id=\"1fub2fa\" data-start=\"19520\" data-end=\"19541\"><p data-start=\"19522\" data-end=\"19541\">Identifiants de session<\/p><\/li><li data-section-id=\"141wofl\" data-start=\"19542\" data-end=\"19560\"><p data-start=\"19544\" data-end=\"19560\">Pr\u00e9f\u00e9rences de l\u2019utilisateur<\/p><\/li><\/ul><p data-start=\"19562\" data-end=\"19630\">Ces informations peuvent \u00eatre combin\u00e9es avec d\u2019autres donn\u00e9es techniques ou d\u2019utilisation.<\/p><h2 data-section-id=\"7q0j9h\" data-start=\"19632\" data-end=\"19660\">5. Comment contr\u00f4ler les cookies<\/h2><p data-start=\"19662\" data-end=\"19735\">La plupart des navigateurs web vous permettent de contr\u00f4ler les cookies via leurs param\u00e8tres. Vous pouvez :<\/p><ul data-start=\"19736\" data-end=\"19886\"><li data-section-id=\"meq5gz\" data-start=\"19736\" data-end=\"19782\"><p data-start=\"19738\" data-end=\"19782\">Supprimer les cookies d\u00e9j\u00e0 stock\u00e9s sur votre appareil<\/p><\/li><li data-section-id=\"cqag8n\" data-start=\"19783\" data-end=\"19802\"><p data-start=\"19785\" data-end=\"19802\">Bloquer tous les cookies<\/p><\/li><li data-section-id=\"1c33m1i\" data-start=\"19803\" data-end=\"19840\"><p data-start=\"19805\" data-end=\"19840\">Autoriser uniquement certains types de cookies<\/p><\/li><li data-section-id=\"1xhzrkh\" data-start=\"19841\" data-end=\"19886\"><p data-start=\"19843\" data-end=\"19886\">Recevoir un avertissement avant qu\u2019un cookie ne soit install\u00e9<\/p><\/li><\/ul><p data-start=\"19888\" data-end=\"20068\">Veuillez noter que la d\u00e9sactivation des cookies peut affecter les performances et le bon fonctionnement du site web. Certaines pages, formulaires ou fonctionnalit\u00e9s peuvent ne pas fonctionner correctement si les cookies sont d\u00e9sactiv\u00e9s.<\/p><p data-start=\"20070\" data-end=\"20175\">Les param\u00e8tres des navigateurs varient ; vous devez donc consulter le menu d\u2019aide ou le panneau de configuration de votre navigateur pour obtenir des instructions.<\/p><h2 data-section-id=\"u2vumr\" data-start=\"20177\" data-end=\"20190\">6. Consentement<\/h2><p data-start=\"20192\" data-end=\"20439\">Lorsque la loi l\u2019exige, les cookies qui ne sont pas strictement n\u00e9cessaires ne seront utilis\u00e9s qu\u2019apr\u00e8s l\u2019obtention d\u2019un consentement appropri\u00e9. Si un outil ou une banni\u00e8re de consentement aux cookies appara\u00eet sur le site web, vos pr\u00e9f\u00e9rences pourront \u00eatre enregistr\u00e9es et appliqu\u00e9es en fonction de vos choix.<\/p><h2 data-section-id=\"hkp4qa\" data-start=\"20441\" data-end=\"20467\">7. Services de tiers<\/h2><p data-start=\"20469\" data-end=\"20805\">Nous pouvons faire appel \u00e0 des prestataires de services tiers pour soutenir l\u2019analyse du site web, le suivi des performances, la protection contre le spam, les contenus int\u00e9gr\u00e9s ou des fonctions similaires. Ces prestataires peuvent utiliser des cookies ou des technologies similaires dans le cadre de leurs services. Le traitement des informations par ces tiers est r\u00e9gi par leurs propres politiques, et non uniquement par la pr\u00e9sente Politique relative aux cookies.<\/p><h2 data-section-id=\"19ns2rf\" data-start=\"20807\" data-end=\"20843\">8. Mises \u00e0 jour de la pr\u00e9sente Politique relative aux cookies<\/h2><p data-start=\"20845\" data-end=\"21128\">Blake Street Energy peut mettre \u00e0 jour la pr\u00e9sente Politique relative aux cookies de temps \u00e0 autre afin de refl\u00e9ter les \u00e9volutions de la l\u00e9gislation, de la technologie ou du fonctionnement du site web. La version mise \u00e0 jour sera publi\u00e9e sur cette page, et la poursuite de l\u2019utilisation du site apr\u00e8s la publication des modifications constitue une acceptation de la politique r\u00e9vis\u00e9e.<\/p><h2 data-section-id=\"oosh78\" data-start=\"21130\" data-end=\"21146\">9. Nous contacter<\/h2><p data-start=\"21148\" data-end=\"21212\">Si vous avez des questions concernant la pr\u00e9sente Politique relative aux cookies, veuillez contacter :<\/p><p data-start=\"21214\" data-end=\"21379\"><strong data-start=\"21214\" data-end=\"21237\">Blake Street Energy<\/strong><br data-start=\"21237\" data-end=\"21240\" \/>755 Canyon Boulevard, Suite 1<br data-start=\"21269\" data-end=\"21272\" \/>Boulder, Colorado 80302<br data-start=\"21295\" data-end=\"21298\" \/>United States<br data-start=\"21311\" data-end=\"21314\" \/>Email: <a class=\"decorated-link cursor-pointer\" rel=\"noopener\" data-start=\"21321\" data-end=\"21347\">info@blakestreetenergy.com<\/a><br data-start=\"21347\" data-end=\"21350\" \/>Office Phone: +1 720-303-1950<\/p>\t\t\t\t\t\t\t\t<\/div>\n\t\t\t\t\t<\/div>\n\t\t\t\t<\/div>\n\t\t\t\t<\/div>","protected":false},"excerpt":{"rendered":"<p>Cookies Policy This Cookies Policy explains how Blake Street Energy uses cookies and similar technologies on its website. It should be read together with our Privacy Policy. By continuing to use our website, you agree to the use of cookies as described in this Cookies Policy, except where you have disabled them through your browser [&hellip;]<\/p>\n","protected":false},"author":1,"featured_media":0,"parent":0,"menu_order":0,"comment_status":"closed","ping_status":"closed","template":"elementor_header_footer","meta":{"footnotes":""},"class_list":["post-482","page","type-page","status-publish","hentry"],"_links":{"self":[{"href":"https:\/\/blakestreetenergy.com\/fr\/wp-json\/wp\/v2\/pages\/482","targetHints":{"allow":["GET"]}}],"collection":[{"href":"https:\/\/blakestreetenergy.com\/fr\/wp-json\/wp\/v2\/pages"}],"about":[{"href":"https:\/\/blakestreetenergy.com\/fr\/wp-json\/wp\/v2\/types\/page"}],"author":[{"embeddable":true,"href":"https:\/\/blakestreetenergy.com\/fr\/wp-json\/wp\/v2\/users\/1"}],"replies":[{"embeddable":true,"href":"https:\/\/blakestreetenergy.com\/fr\/wp-json\/wp\/v2\/comments?post=482"}],"version-history":[{"count":4,"href":"https:\/\/blakestreetenergy.com\/fr\/wp-json\/wp\/v2\/pages\/482\/revisions"}],"predecessor-version":[{"id":486,"href":"https:\/\/blakestreetenergy.com\/fr\/wp-json\/wp\/v2\/pages\/482\/revisions\/486"}],"wp:attachment":[{"href":"https:\/\/blakestreetenergy.com\/fr\/wp-json\/wp\/v2\/media?parent=482"}],"curies":[{"name":"wp","href":"https:\/\/api.w.org\/{rel}","templated":true}]}}