{"id":477,"date":"2026-03-08T08:09:30","date_gmt":"2026-03-08T08:09:30","guid":{"rendered":"https:\/\/blakestreetenergy.com\/?page_id=477"},"modified":"2026-04-06T10:03:09","modified_gmt":"2026-04-06T10:03:09","slug":"terms-and-conditions","status":"publish","type":"page","link":"https:\/\/blakestreetenergy.com\/fr\/terms-and-conditions\/","title":{"rendered":"Conditions g\u00e9n\u00e9rales"},"content":{"rendered":"<div data-elementor-type=\"wp-page\" data-elementor-id=\"477\" class=\"elementor elementor-477\" data-elementor-post-type=\"page\">\n\t\t\t\t<div class=\"elementor-element elementor-element-4a3257d e-flex e-con-boxed e-con e-parent\" data-id=\"4a3257d\" data-element_type=\"container\" data-e-type=\"container\" data-settings=\"{&quot;background_background&quot;:&quot;classic&quot;}\">\n\t\t\t\t\t<div class=\"e-con-inner\">\n\t\t<div class=\"elementor-element elementor-element-6152fc1 e-flex e-con-boxed e-con e-child\" data-id=\"6152fc1\" data-element_type=\"container\" data-e-type=\"container\">\n\t\t\t\t\t<div class=\"e-con-inner\">\n\t\t\t\t<div class=\"elementor-element elementor-element-a94e115 elementor-widget elementor-widget-elementskit-heading\" data-id=\"a94e115\" data-element_type=\"widget\" data-e-type=\"widget\" data-widget_type=\"elementskit-heading.default\">\n\t\t\t\t\t<div class=\"ekit-wid-con\" ><div class=\"ekit-heading elementskit-section-title-wraper text_center   ekit_heading_tablet-   ekit_heading_mobile-\"><h2 class=\"ekit-heading--title elementskit-section-title text_fill\">Conditions g\u00e9n\u00e9rales<\/h2><\/div><\/div>\t\t\t\t<\/div>\n\t\t\t\t\t<\/div>\n\t\t\t\t<\/div>\n\t\t\t\t\t<\/div>\n\t\t\t\t<\/div>\n\t\t<div class=\"elementor-element elementor-element-7ba8276 e-flex e-con-boxed e-con e-parent\" data-id=\"7ba8276\" data-element_type=\"container\" data-e-type=\"container\">\n\t\t\t\t\t<div class=\"e-con-inner\">\n\t\t\t\t<div class=\"elementor-element elementor-element-7c08cb2 elementor-widget elementor-widget-text-editor\" data-id=\"7c08cb2\" data-element_type=\"widget\" data-e-type=\"widget\" data-widget_type=\"text-editor.default\">\n\t\t\t\t\t\t\t\t\t<p data-start=\"8861\" data-end=\"9106\">Les pr\u00e9sentes Conditions g\u00e9n\u00e9rales r\u00e9gissent votre acc\u00e8s et votre utilisation du site web de Blake Street Energy. En visitant, en naviguant ou en utilisant ce site, vous acceptez d\u2019\u00eatre li\u00e9 par ces Conditions g\u00e9n\u00e9rales. Si vous n\u2019\u00eates pas d\u2019accord, vous ne devez pas utiliser ce site.<\/p><h2 data-section-id=\"1ej64w0\" data-start=\"9108\" data-end=\"9127\">1. Propri\u00e9taire du site web<\/h2><p data-start=\"9129\" data-end=\"9187\">Ce site web est d\u00e9tenu et exploit\u00e9 par Blake Street Energy.<\/p><p data-start=\"9189\" data-end=\"9317\"><strong data-start=\"9189\" data-end=\"9221\">Informations de contact de l\u2019entreprise<\/strong><br data-start=\"9221\" data-end=\"9224\" \/>Blake Street Energy<br data-start=\"9243\" data-end=\"9246\" \/>755 Canyon Boulevard, Suite 1<br data-start=\"9275\" data-end=\"9278\" \/>Boulder, Colorado 80302<br data-start=\"9301\" data-end=\"9304\" \/>United States<\/p><p data-start=\"9319\" data-end=\"9410\">Email: <a class=\"decorated-link cursor-pointer\" rel=\"noopener\" data-start=\"9326\" data-end=\"9352\">info@blakestreetenergy.com<\/a><br data-start=\"9352\" data-end=\"9355\" \/>Office Phone: +1 720-303-1950<br data-start=\"9384\" data-end=\"9387\" \/>Mobile: +1 720-900-8393<\/p><p data-start=\"9412\" data-end=\"9470\">France office:<br data-start=\"9426\" data-end=\"9429\" \/>3 rue du Beffroi<br data-start=\"9445\" data-end=\"9448\" \/>35300 Foug\u00e8res, France<\/p><h2 data-section-id=\"e7yj0s\" data-start=\"9472\" data-end=\"9500\">2. Objet du site web<\/h2><p data-start=\"9502\" data-end=\"9817\">Ce site web est fourni \u00e0 des fins g\u00e9n\u00e9rales d\u2019information, de communication et de d\u00e9veloppement commercial. Il vise \u00e0 informer les visiteurs sur les services, l\u2019expertise, les march\u00e9s et les coordonn\u00e9es de Blake Street Energy, ainsi qu\u2019\u00e0 offrir un moyen aux clients potentiels, partenaires et autres parties int\u00e9ress\u00e9es de communiquer avec nous.<\/p><h2 data-section-id=\"uzyo91\" data-start=\"9819\" data-end=\"9844\">3. Acceptation des conditions<\/h2><p data-start=\"9846\" data-end=\"10137\">En utilisant ce site web, vous confirmez que vous avez la capacit\u00e9 juridique de conclure des accords contraignants et que vous acceptez pleinement les pr\u00e9sentes Conditions g\u00e9n\u00e9rales. Si vous utilisez ce site au nom d\u2019une entreprise ou d\u2019une organisation, vous d\u00e9clarez disposer de l\u2019autorit\u00e9 n\u00e9cessaire pour engager cette entit\u00e9.<\/p><h2 data-section-id=\"1bhfrlq\" data-start=\"10139\" data-end=\"10158\">4. Utilisation autoris\u00e9e<\/h2><p data-start=\"10160\" data-end=\"10287\">Vous ne pouvez utiliser ce site web qu\u2019\u00e0 des fins l\u00e9gales et conform\u00e9ment aux pr\u00e9sentes Conditions g\u00e9n\u00e9rales. Vous acceptez de ne pas :<\/p><ul data-start=\"10288\" data-end=\"10785\"><li data-section-id=\"o3bhv2\" data-start=\"10288\" data-end=\"10354\"><p data-start=\"10290\" data-end=\"10354\">Utiliser le site web en violation de toute loi ou r\u00e9glementation applicable<\/p><\/li><li data-section-id=\"pijro6\" data-start=\"10355\" data-end=\"10428\"><p data-start=\"10357\" data-end=\"10428\">Tenter d\u2019acc\u00e9der sans autorisation au site web, aux serveurs ou aux syst\u00e8mes associ\u00e9s<\/p><\/li><li data-section-id=\"1wskpaf\" data-start=\"10429\" data-end=\"10501\"><p data-start=\"10431\" data-end=\"10501\">Interf\u00e9rer avec le fonctionnement, la s\u00e9curit\u00e9 ou la disponibilit\u00e9 du site web<\/p><\/li><li data-section-id=\"hzaw9d\" data-start=\"10502\" data-end=\"10566\"><p data-start=\"10504\" data-end=\"10566\">Utiliser le site web pour diffuser des spams, des logiciels malveillants ou tout code malveillant<\/p><\/li><li data-section-id=\"10tdzh9\" data-start=\"10567\" data-end=\"10639\"><p data-start=\"10569\" data-end=\"10639\">Copier, extraire, collecter ou reproduire le contenu du site web sans autorisation<\/p><\/li><li data-section-id=\"qtppu1\" data-start=\"10640\" data-end=\"10693\"><p data-start=\"10642\" data-end=\"10693\">Soumettre des informations fausses, trompeuses ou frauduleuses<\/p><\/li><li data-section-id=\"17ruk6z\" data-start=\"10694\" data-end=\"10785\"><p data-start=\"10696\" data-end=\"10785\">Utiliser le site web d\u2019une mani\u00e8re susceptible de nuire \u00e0 la r\u00e9putation ou aux activit\u00e9s de Blake Street Energy<\/p><\/li><\/ul><p data-start=\"10787\" data-end=\"10898\">Nous nous r\u00e9servons le droit de restreindre, suspendre ou r\u00e9silier l\u2019acc\u00e8s aux utilisateurs qui enfreignent les pr\u00e9sentes Conditions g\u00e9n\u00e9rales.<\/p><h2 data-section-id=\"1lbm2fc\" data-start=\"10900\" data-end=\"10928\">5. Absence de conseils professionnels<\/h2><p data-start=\"10930\" data-end=\"11279\">Les informations figurant sur ce site web sont fournies uniquement \u00e0 des fins d\u2019information g\u00e9n\u00e9rale. Rien sur ce site ne constitue un conseil juridique, technique, r\u00e9glementaire, fiscal, financier, en investissement ou tout autre conseil professionnel. Les visiteurs ne doivent pas se fier exclusivement au contenu du site pour prendre des d\u00e9cisions commerciales, r\u00e9glementaires, de d\u00e9veloppement, de financement ou d\u2019investissement.<\/p><p data-start=\"11281\" data-end=\"11412\">Toute prestation de conseil, d\u2019accompagnement, de d\u00e9veloppement de projet ou de services connexes sera r\u00e9gie par un accord \u00e9crit distinct.<\/p><h2 data-section-id=\"d0tclo\" data-start=\"11414\" data-end=\"11439\">6. Informations sur les services<\/h2><p data-start=\"11441\" data-end=\"11820\">Blake Street Energy s\u2019efforce raisonnablement de garantir que les informations relatives \u00e0 ses services sont exactes et \u00e0 jour. Toutefois, les descriptions des services figurant sur le site web sont de nature g\u00e9n\u00e9rale et peuvent ne pas refl\u00e9ter tous les d\u00e9tails techniques, commerciaux, juridiques ou sp\u00e9cifiques \u00e0 un projet. La disponibilit\u00e9, la port\u00e9e, les d\u00e9lais et les livrables des services sont soumis \u00e0 des discussions et \u00e0 des accords individuels.<\/p><h2 data-section-id=\"hvam93\" data-start=\"11822\" data-end=\"11849\">7. Propri\u00e9t\u00e9 intellectuelle<\/h2><p data-start=\"11851\" data-end=\"12132\">Tout le contenu de ce site web, y compris les textes, la mise en page, l\u2019image de marque, les graphiques, le design visuel, les logos, les descriptions de services, les documents t\u00e9l\u00e9chargeables et les autres \u00e9l\u00e9ments du site, est la propri\u00e9t\u00e9 de Blake Street Energy ou est utilis\u00e9 avec les droits appropri\u00e9s, et est prot\u00e9g\u00e9 par les lois sur la propri\u00e9t\u00e9 intellectuelle.<\/p><p data-start=\"12134\" data-end=\"12311\">Vous pouvez consulter le site web et imprimer ou t\u00e9l\u00e9charger des portions limit\u00e9es uniquement pour un usage personnel, non commercial ou \u00e0 des fins de r\u00e9f\u00e9rence interne \u00e0 votre entreprise. Vous ne pouvez pas, sans autorisation \u00e9crite pr\u00e9alable :<\/p><ul data-start=\"12312\" data-end=\"12550\"><li data-section-id=\"bwz107\" data-start=\"12312\" data-end=\"12339\"><p data-start=\"12314\" data-end=\"12339\">Reproduire le contenu du site web<\/p><\/li><li data-section-id=\"b76hqh\" data-start=\"12340\" data-end=\"12374\"><p data-start=\"12342\" data-end=\"12374\">Republier le contenu du site<\/p><\/li><li data-section-id=\"9ftzrl\" data-start=\"12375\" data-end=\"12419\"><p data-start=\"12377\" data-end=\"12419\">Distribuer ou exploiter commercialement le contenu<\/p><\/li><li data-section-id=\"s8dgk6\" data-start=\"12420\" data-end=\"12472\"><p data-start=\"12422\" data-end=\"12472\">Modifier le contenu ou cr\u00e9er des \u0153uvres d\u00e9riv\u00e9es \u00e0 partir de celui-ci<\/p><\/li><li data-section-id=\"nm1vwd\" data-start=\"12473\" data-end=\"12550\"><p data-start=\"12475\" data-end=\"12550\">Utiliser notre nom, notre image de marque ou nos contenus de mani\u00e8re trompeuse ou non autoris\u00e9e<\/p><\/li><\/ul><h2 data-section-id=\"1rqvhrt\" data-start=\"12552\" data-end=\"12574\">8. Soumissions des utilisateurs<\/h2><p data-start=\"12576\" data-end=\"12715\">Si vous soumettez une demande, des informations relatives \u00e0 un projet, des documents, des commentaires ou tout autre contenu via le site web ou par e-mail, vous d\u00e9clarez que :<\/p><ul data-start=\"12716\" data-end=\"12884\"><li data-section-id=\"11x4jax\" data-start=\"12716\" data-end=\"12775\"><p data-start=\"12718\" data-end=\"12775\">Les informations sont exactes \u00e0 votre connaissance<\/p><\/li><li data-section-id=\"2g209p\" data-start=\"12776\" data-end=\"12810\"><p data-start=\"12778\" data-end=\"12810\">Vous avez le droit de les fournir<\/p><\/li><li data-section-id=\"8y6tre\" data-start=\"12811\" data-end=\"12884\"><p data-start=\"12813\" data-end=\"12884\">Ces informations ne violent aucune loi, obligation de confidentialit\u00e9 ou droit de tiers<\/p><\/li><\/ul><p data-start=\"12886\" data-end=\"13104\">En soumettant des informations, vous accordez \u00e0 Blake Street Energy le droit de les utiliser dans la mesure raisonnablement n\u00e9cessaire pour examiner votre demande, communiquer avec vous, \u00e9valuer les services et tenir des dossiers, conform\u00e9ment \u00e0 notre Politique de confidentialit\u00e9.<\/p><p data-start=\"13106\" data-end=\"13263\">La soumission d\u2019informations via le site web ne cr\u00e9e pas de relation confidentielle, fiduciaire, de conseil ou de client, sauf accord expr\u00e8s par \u00e9crit.<\/p><h2 data-section-id=\"7z6d6\" data-start=\"13265\" data-end=\"13294\">9. Absence de garantie de r\u00e9sultats<\/h2><p data-start=\"13296\" data-end=\"13707\">L\u2019exp\u00e9rience pass\u00e9e, l\u2019expertise sectorielle, les r\u00e9f\u00e9rences de projets et les connaissances du march\u00e9 d\u00e9crites sur le site web ne garantissent pas les r\u00e9sultats futurs. Les projets de d\u00e9veloppement \u00e9nerg\u00e9tique comportent des risques techniques, commerciaux, r\u00e9glementaires, li\u00e9s aux autorisations, au raccordement, au march\u00e9 et au financement. Blake Street Energy ne garantit pas qu\u2019un projet obtiendra les autorisations n\u00e9cessaires, un financement, une rentabilit\u00e9, le respect des d\u00e9lais ou un succ\u00e8s commercial.<\/p><h2 data-section-id=\"1jtta6x\" data-start=\"13709\" data-end=\"13733\">10. Liens vers des tiers<\/h2><p data-start=\"13735\" data-end=\"14003\">Le site web peut contenir des liens vers des sites web ou des ressources externes. Ces liens sont fournis uniquement \u00e0 titre de commodit\u00e9. Blake Street Energy n\u2019approuve ni ne contr\u00f4le les sites web de tiers et n\u2019est pas responsable de leur contenu, de leur disponibilit\u00e9, de leur s\u00e9curit\u00e9 ou de leurs pratiques en mati\u00e8re de confidentialit\u00e9.<\/p><h2 data-section-id=\"1kkhk2b\" data-start=\"14005\" data-end=\"14036\">11. Exclusion de garanties<\/h2><p data-start=\"14038\" data-end=\"14233\">Ce site web est fourni \u00ab tel quel \u00bb et \u00ab selon disponibilit\u00e9 \u00bb. Dans toute la mesure permise par la loi, Blake Street Energy d\u00e9cline toute garantie, expresse ou implicite, y compris les garanties de :<\/p><ul data-start=\"14234\" data-end=\"14425\"><li data-section-id=\"1in1e2o\" data-start=\"14234\" data-end=\"14251\"><p data-start=\"14236\" data-end=\"14251\">Qualit\u00e9 marchande<\/p><\/li><li data-section-id=\"10o9pzf\" data-start=\"14252\" data-end=\"14286\"><p data-start=\"14254\" data-end=\"14286\">Ad\u00e9quation \u00e0 un usage particulier<\/p><\/li><li data-section-id=\"1fengsu\" data-start=\"14287\" data-end=\"14305\"><p data-start=\"14289\" data-end=\"14305\">Absence de contrefa\u00e7on<\/p><\/li><li data-section-id=\"1ckf2wa\" data-start=\"14306\" data-end=\"14343\"><p data-start=\"14308\" data-end=\"14343\">Exactitude ou exhaustivit\u00e9 du contenu<\/p><\/li><li data-section-id=\"knhsr1\" data-start=\"14344\" data-end=\"14380\"><p data-start=\"14346\" data-end=\"14380\">Acc\u00e8s ininterrompu ou exempt d\u2019erreurs<\/p><\/li><li data-section-id=\"recg7t\" data-start=\"14381\" data-end=\"14425\"><p data-start=\"14383\" data-end=\"14425\">Absence de virus ou de composants nuisibles<\/p><\/li><\/ul><p data-start=\"14427\" data-end=\"14526\">Nous ne garantissons pas que le site web sera toujours disponible, s\u00e9curis\u00e9 ou exempt de probl\u00e8mes techniques.<\/p><h2 data-section-id=\"l549bi\" data-start=\"14528\" data-end=\"14558\">12. Limitation de responsabilit\u00e9<\/h2><p data-start=\"14560\" data-end=\"14762\">Dans toute la mesure permise par la loi, Blake Street Energy ne pourra \u00eatre tenu responsable de tout dommage direct, indirect, accessoire, cons\u00e9cutif, sp\u00e9cial, exemplaire ou punitif r\u00e9sultant de ou li\u00e9 \u00e0 :<\/p><ul data-start=\"14763\" data-end=\"15074\"><li data-section-id=\"l3x3mo\" data-start=\"14763\" data-end=\"14803\"><p data-start=\"14765\" data-end=\"14803\">L\u2019utilisation du site web ou l\u2019impossibilit\u00e9 de l\u2019utiliser<\/p><\/li><li data-section-id=\"2tnmtc\" data-start=\"14804\" data-end=\"14833\"><p data-start=\"14806\" data-end=\"14833\">La confiance accord\u00e9e au contenu du site web<\/p><\/li><li data-section-id=\"1xow4nt\" data-start=\"14834\" data-end=\"14861\"><p data-start=\"14836\" data-end=\"14861\">Les inexactitudes ou omissions<\/p><\/li><li data-section-id=\"nrwqv2\" data-start=\"14862\" data-end=\"14912\"><p data-start=\"14864\" data-end=\"14912\">Les interruptions, les retards ou l\u2019indisponibilit\u00e9 du site web<\/p><\/li><li data-section-id=\"tsq4cb\" data-start=\"14913\" data-end=\"14971\"><p data-start=\"14915\" data-end=\"14971\">La perte de donn\u00e9es, de revenus, d\u2019opportunit\u00e9s commerciales ou de client\u00e8le<\/p><\/li><li data-section-id=\"ok8xvi\" data-start=\"14972\" data-end=\"15015\"><p data-start=\"14974\" data-end=\"15015\">Les incidents de s\u00e9curit\u00e9 ou les acc\u00e8s non autoris\u00e9s<\/p><\/li><li data-section-id=\"zf5f6u\" data-start=\"15016\" data-end=\"15074\"><p data-start=\"15018\" data-end=\"15074\">Les sites web ou services de tiers li\u00e9s au site web<\/p><\/li><\/ul><p data-start=\"15076\" data-end=\"15188\">Lorsque la responsabilit\u00e9 ne peut \u00eatre exclue en vertu de la loi, elle sera limit\u00e9e dans la mesure minimale permise par la l\u00e9gislation applicable.<\/p><h2 data-section-id=\"1sn5j4k\" data-start=\"15190\" data-end=\"15212\">13. Indemnisation<\/h2><p data-start=\"15214\" data-end=\"15507\">Vous acceptez d\u2019indemniser, de d\u00e9fendre et de d\u00e9gager de toute responsabilit\u00e9 Blake Street Energy, ses soci\u00e9t\u00e9s affili\u00e9es, dirigeants, employ\u00e9s, contractants, conseillers et repr\u00e9sentants contre toute r\u00e9clamation, responsabilit\u00e9, dommage, perte, co\u00fbt et d\u00e9pense, y compris les frais juridiques raisonnables, r\u00e9sultant de ou li\u00e9s \u00e0 :<\/p><ul data-start=\"15508\" data-end=\"15703\"><li data-section-id=\"fef5ae\" data-start=\"15508\" data-end=\"15536\"><p data-start=\"15510\" data-end=\"15536\">Votre mauvaise utilisation du site web<\/p><\/li><li data-section-id=\"uor42w\" data-start=\"15537\" data-end=\"15583\"><p data-start=\"15539\" data-end=\"15583\">Votre violation des pr\u00e9sentes Conditions g\u00e9n\u00e9rales<\/p><\/li><li data-section-id=\"1x3kj4w\" data-start=\"15584\" data-end=\"15645\"><p data-start=\"15586\" data-end=\"15645\">La violation par vous des droits de toute autre personne ou entit\u00e9<\/p><\/li><li data-section-id=\"15gcysv\" data-start=\"15646\" data-end=\"15703\"><p data-start=\"15648\" data-end=\"15703\">Les informations ou les contenus que vous soumettez via le site web<\/p><\/li><\/ul><h2 data-section-id=\"1jnmlgo\" data-start=\"15705\" data-end=\"15719\">14. Confidentialit\u00e9<\/h2><p data-start=\"15721\" data-end=\"15890\">Votre utilisation du site web est \u00e9galement soumise \u00e0 notre Politique de confidentialit\u00e9 et \u00e0 notre Politique relative aux cookies. En utilisant ce site, vous reconnaissez avoir lu et compris ces politiques.<\/p><h2 data-section-id=\"1e6fcgx\" data-start=\"15892\" data-end=\"15914\">15. Modifications du site web<\/h2><p data-start=\"15916\" data-end=\"16109\">Blake Street Energy peut mettre \u00e0 jour, modifier, suspendre, restreindre ou interrompre tout aspect du site web \u00e0 tout moment et sans pr\u00e9avis. Nous ne sommes pas tenus de maintenir ou de mettre \u00e0 jour le contenu du site.<\/p><h2 data-section-id=\"18zigls\" data-start=\"16111\" data-end=\"16140\">16. Modifications des pr\u00e9sentes Conditions g\u00e9n\u00e9rales<\/h2><p data-start=\"16142\" data-end=\"16359\">Nous pouvons r\u00e9viser les pr\u00e9sentes Conditions g\u00e9n\u00e9rales de temps \u00e0 autre. Les conditions mises \u00e0 jour entrent en vigueur d\u00e8s leur publication sur le site web. La poursuite de l\u2019utilisation du site apr\u00e8s la publication des mises \u00e0 jour constitue une acceptation des conditions r\u00e9vis\u00e9es.<\/p><h2 data-section-id=\"3f1ynk\" data-start=\"16361\" data-end=\"16381\">17. Droit applicable<\/h2><p data-start=\"16383\" data-end=\"16561\">Les pr\u00e9sentes Conditions g\u00e9n\u00e9rales sont r\u00e9gies et interpr\u00e9t\u00e9es conform\u00e9ment aux lois de l\u2019\u00c9tat du Colorado, \u00c9tats-Unis, sans \u00e9gard aux principes de conflits de lois.<\/p><h2 data-section-id=\"1me76iq\" data-start=\"16563\" data-end=\"16577\">18. Contact<\/h2><p data-start=\"16579\" data-end=\"16641\">Toute question concernant les pr\u00e9sentes Conditions g\u00e9n\u00e9rales peut \u00eatre adress\u00e9e \u00e0 :<\/p><p data-start=\"16643\" data-end=\"16808\"><strong data-start=\"16643\" data-end=\"16666\">Blake Street Energy<\/strong><br data-start=\"16666\" data-end=\"16669\" \/>755 Canyon Boulevard, Suite 1<br data-start=\"16698\" data-end=\"16701\" \/>Boulder, Colorado 80302<br data-start=\"16724\" data-end=\"16727\" \/>United States<br data-start=\"16740\" data-end=\"16743\" \/>Email: <a class=\"decorated-link cursor-pointer\" rel=\"noopener\" data-start=\"16750\" data-end=\"16776\">info@blakestreetenergy.com<\/a><br data-start=\"16776\" data-end=\"16779\" \/>Office Phone: +1 720-303-1950<\/p>\t\t\t\t\t\t\t\t<\/div>\n\t\t\t\t\t<\/div>\n\t\t\t\t<\/div>\n\t\t\t\t<\/div>","protected":false},"excerpt":{"rendered":"<p>Terms and Conditions These Terms and Conditions govern your access to and use of the Blake Street Energy website. By visiting, browsing, or using this website, you agree to be bound by these Terms and Conditions. If you do not agree, you should not use this website. 1. Website Owner This website is owned and [&hellip;]<\/p>\n","protected":false},"author":1,"featured_media":0,"parent":0,"menu_order":0,"comment_status":"closed","ping_status":"closed","template":"elementor_header_footer","meta":{"footnotes":""},"class_list":["post-477","page","type-page","status-publish","hentry"],"_links":{"self":[{"href":"https:\/\/blakestreetenergy.com\/fr\/wp-json\/wp\/v2\/pages\/477","targetHints":{"allow":["GET"]}}],"collection":[{"href":"https:\/\/blakestreetenergy.com\/fr\/wp-json\/wp\/v2\/pages"}],"about":[{"href":"https:\/\/blakestreetenergy.com\/fr\/wp-json\/wp\/v2\/types\/page"}],"author":[{"embeddable":true,"href":"https:\/\/blakestreetenergy.com\/fr\/wp-json\/wp\/v2\/users\/1"}],"replies":[{"embeddable":true,"href":"https:\/\/blakestreetenergy.com\/fr\/wp-json\/wp\/v2\/comments?post=477"}],"version-history":[{"count":7,"href":"https:\/\/blakestreetenergy.com\/fr\/wp-json\/wp\/v2\/pages\/477\/revisions"}],"predecessor-version":[{"id":1231,"href":"https:\/\/blakestreetenergy.com\/fr\/wp-json\/wp\/v2\/pages\/477\/revisions\/1231"}],"wp:attachment":[{"href":"https:\/\/blakestreetenergy.com\/fr\/wp-json\/wp\/v2\/media?parent=477"}],"curies":[{"name":"wp","href":"https:\/\/api.w.org\/{rel}","templated":true}]}}