{"id":468,"date":"2026-03-08T08:06:18","date_gmt":"2026-03-08T08:06:18","guid":{"rendered":"https:\/\/blakestreetenergy.com\/?page_id=468"},"modified":"2026-03-08T08:08:05","modified_gmt":"2026-03-08T08:08:05","slug":"privacy-policy","status":"publish","type":"page","link":"https:\/\/blakestreetenergy.com\/fr\/privacy-policy\/","title":{"rendered":"Politique de confidentialit\u00e9"},"content":{"rendered":"<div data-elementor-type=\"wp-page\" data-elementor-id=\"468\" class=\"elementor elementor-468\" data-elementor-post-type=\"page\">\n\t\t\t\t<div class=\"elementor-element elementor-element-4a3257d e-flex e-con-boxed e-con e-parent\" data-id=\"4a3257d\" data-element_type=\"container\" data-e-type=\"container\" data-settings=\"{&quot;background_background&quot;:&quot;classic&quot;}\">\n\t\t\t\t\t<div class=\"e-con-inner\">\n\t\t<div class=\"elementor-element elementor-element-6152fc1 e-flex e-con-boxed e-con e-child\" data-id=\"6152fc1\" data-element_type=\"container\" data-e-type=\"container\">\n\t\t\t\t\t<div class=\"e-con-inner\">\n\t\t\t\t<div class=\"elementor-element elementor-element-a94e115 elementor-widget elementor-widget-elementskit-heading\" data-id=\"a94e115\" data-element_type=\"widget\" data-e-type=\"widget\" data-widget_type=\"elementskit-heading.default\">\n\t\t\t\t\t<div class=\"ekit-wid-con\" ><div class=\"ekit-heading elementskit-section-title-wraper text_center   ekit_heading_tablet-   ekit_heading_mobile-\"><h2 class=\"ekit-heading--title elementskit-section-title text_fill\">Politique de confidentialit\u00e9<\/h2><\/div><\/div>\t\t\t\t<\/div>\n\t\t\t\t\t<\/div>\n\t\t\t\t<\/div>\n\t\t\t\t\t<\/div>\n\t\t\t\t<\/div>\n\t\t<div class=\"elementor-element elementor-element-7ba8276 e-flex e-con-boxed e-con e-parent\" data-id=\"7ba8276\" data-element_type=\"container\" data-e-type=\"container\">\n\t\t\t\t\t<div class=\"e-con-inner\">\n\t\t\t\t<div class=\"elementor-element elementor-element-7c08cb2 elementor-widget elementor-widget-text-editor\" data-id=\"7c08cb2\" data-element_type=\"widget\" data-e-type=\"widget\" data-widget_type=\"text-editor.default\">\n\t\t\t\t\t\t\t\t\t<p data-start=\"473\" data-end=\"831\">Blake Street Energy respecte votre vie priv\u00e9e et s'engage \u00e0 prot\u00e9ger les informations que vous partagez avec nous via notre site web et nos canaux de communication. Cette Politique de confidentialit\u00e9 explique comment nous collectons, utilisons, stockons, divulguons et prot\u00e9geons vos informations lorsque vous visitez notre site web, nous contactez, soumettez une demande ou interagissez de toute autre mani\u00e8re avec Blake Street Energy.<\/p><p data-start=\"833\" data-end=\"916\">By using this website, you agree to the practices described in this Privacy Policy.<\/p><h2 data-section-id=\"yf5ige\" data-start=\"918\" data-end=\"934\">1. Qui nous sommes<\/h2><p data-start=\"936\" data-end=\"1187\">Blake Street Energy est une soci\u00e9t\u00e9 de d\u00e9veloppement et de conseil en \u00e9nergie, sp\u00e9cialis\u00e9e dans les syst\u00e8mes de stockage d'\u00e9nergie par batteries, les interconnexions, le d\u00e9veloppement de projets, le soutien aux autorisations (permis), la mod\u00e9lisation financi\u00e8re, la s\u00e9lection d'\u00e9quipements et les services li\u00e9s aux infrastructures \u00e9nerg\u00e9tiques.<\/p><p data-start=\"1189\" data-end=\"1242\">Pour toute question relative \u00e0 la confidentialit\u00e9, vous pouvez nous contacter \u00e0 :<\/p><p data-start=\"1244\" data-end=\"1341\"><strong data-start=\"1244\" data-end=\"1267\">Blake Street Energy<\/strong><br data-start=\"1267\" data-end=\"1270\" \/>755 Canyon Boulevard, Suite 1<br data-start=\"1299\" data-end=\"1302\" \/>Boulder, Colorado 80302<br data-start=\"1325\" data-end=\"1328\" \/>United States<\/p><p data-start=\"1343\" data-end=\"1446\"><strong data-start=\"1343\" data-end=\"1353\">Email:<\/strong> <a class=\"decorated-link cursor-pointer\" rel=\"noopener\" data-start=\"1354\" data-end=\"1380\">info@blakestreetenergy.com<\/a><br data-start=\"1380\" data-end=\"1383\" \/><strong data-start=\"1383\" data-end=\"1400\">Office Phone:<\/strong> +1 720-303-1950<br data-start=\"1416\" data-end=\"1419\" \/><strong data-start=\"1419\" data-end=\"1430\">Mobile:<\/strong> +1 720-900-8393<\/p><p data-start=\"1448\" data-end=\"1506\">France office:<br data-start=\"1462\" data-end=\"1465\" \/>3 rue du Beffroi<br data-start=\"1481\" data-end=\"1484\" \/>35300 Foug\u00e8res, France<\/p><h2 data-section-id=\"5ejyvt\" data-start=\"1508\" data-end=\"1536\">2. Informations que nous collectons<\/h2><p data-start=\"1538\" data-end=\"1721\">Nous pouvons collecter des informations que vous fournissez volontairement, des informations collect\u00e9es automatiquement lors de votre utilisation du site web, ainsi que des informations re\u00e7ues dans le cadre de communications professionnelles.<\/p><h3 data-section-id=\"d6sf2a\" data-start=\"1723\" data-end=\"1759\">Informations que vous fournissez directement<\/h3><p data-start=\"1760\" data-end=\"1775\">Nous pouvons collecter :<\/p><ul data-start=\"1776\" data-end=\"2042\"><li data-section-id=\"vphqpq\" data-start=\"1776\" data-end=\"1787\"><p data-start=\"1778\" data-end=\"1787\">Votre nom<\/p><\/li><li data-section-id=\"1c1efm\" data-start=\"1788\" data-end=\"1803\"><p data-start=\"1790\" data-end=\"1803\">Adresse e-mail<\/p><\/li><li data-section-id=\"1h37kgn\" data-start=\"1804\" data-end=\"1818\"><p data-start=\"1806\" data-end=\"1818\">Num\u00e9ro de t\u00e9l\u00e9phone<\/p><\/li><li data-section-id=\"qhhejs\" data-start=\"1819\" data-end=\"1833\"><p data-start=\"1821\" data-end=\"1833\">Nom de l\u2019entreprise<\/p><\/li><li data-section-id=\"1o8qvhr\" data-start=\"1834\" data-end=\"1845\"><p data-start=\"1836\" data-end=\"1845\">Intitul\u00e9 du poste<\/p><\/li><li data-section-id=\"17tjv8f\" data-start=\"1846\" data-end=\"1863\"><p data-start=\"1848\" data-end=\"1863\">D\u00e9tails du projet<\/p><\/li><li data-section-id=\"12kdis\" data-start=\"1864\" data-end=\"1900\"><p data-start=\"1866\" data-end=\"1900\">Besoins commerciaux et contenu de la demande<\/p><\/li><li data-section-id=\"1fhyt04\" data-start=\"1901\" data-end=\"1966\"><p data-start=\"1903\" data-end=\"1966\">Fichiers, documents ou supports que vous choisissez de nous envoyer<\/p><\/li><li data-section-id=\"lm90pw\" data-start=\"1967\" data-end=\"2042\"><p data-start=\"1969\" data-end=\"2042\">Toute autre information que vous fournissez via des formulaires, des e-mails ou un contact direct<\/p><\/li><\/ul><h3 data-section-id=\"esnhm8\" data-start=\"2044\" data-end=\"2083\">Informations collect\u00e9es automatiquement<\/h3><p data-start=\"2084\" data-end=\"2181\">Lorsque vous acc\u00e9dez \u00e0 notre site web, nous pouvons collecter automatiquement certaines informations techniques, telles que :<\/p><ul data-start=\"2182\" data-end=\"2434\"><li data-section-id=\"1w1hmsn\" data-start=\"2182\" data-end=\"2194\"><p data-start=\"2184\" data-end=\"2194\">Adresse IP<\/p><\/li><li data-section-id=\"1k3k2wd\" data-start=\"2195\" data-end=\"2221\"><p data-start=\"2197\" data-end=\"2221\">Type et version du navigateur<\/p><\/li><li data-section-id=\"16hguyw\" data-start=\"2222\" data-end=\"2235\"><p data-start=\"2224\" data-end=\"2235\">Type d\u2019appareil<\/p><\/li><li data-section-id=\"1u8gsi8\" data-start=\"2236\" data-end=\"2254\"><p data-start=\"2238\" data-end=\"2254\">Syst\u00e8me d\u2019exploitation<\/p><\/li><li data-section-id=\"1chxtvr\" data-start=\"2255\" data-end=\"2284\"><p data-start=\"2257\" data-end=\"2284\">Site web r\u00e9f\u00e9rent ou source<\/p><\/li><li data-section-id=\"pjp8ck\" data-start=\"2285\" data-end=\"2299\"><p data-start=\"2287\" data-end=\"2299\">Pages consult\u00e9es<\/p><\/li><li data-section-id=\"1jfuk74\" data-start=\"2300\" data-end=\"2321\"><p data-start=\"2302\" data-end=\"2321\">Temps pass\u00e9 sur les pages<\/p><\/li><li data-section-id=\"10nxex5\" data-start=\"2322\" data-end=\"2347\"><p data-start=\"2324\" data-end=\"2347\">Date et heure des visites<\/p><\/li><li data-section-id=\"egsup2\" data-start=\"2348\" data-end=\"2387\"><p data-start=\"2350\" data-end=\"2387\">Informations de base sur l\u2019utilisation et les analyses<\/p><\/li><li data-section-id=\"78dend\" data-start=\"2388\" data-end=\"2434\"><p data-start=\"2390\" data-end=\"2434\">Identifiants de cookies et donn\u00e9es de suivi similaires<\/p><\/li><\/ul><h2 data-section-id=\"10c0s1w\" data-start=\"2436\" data-end=\"2469\">3. Comment nous utilisons vos informations<\/h2><p data-start=\"2471\" data-end=\"2679\">Nous utilisons les informations que nous collectons pour exploiter notre site web, communiquer avec les visiteurs, \u00e9valuer les opportunit\u00e9s potentielles et soutenir des activit\u00e9s commerciales l\u00e9gitimes. Plus pr\u00e9cis\u00e9ment, nous pouvons utiliser vos informations pour :<\/p><ul data-start=\"2680\" data-end=\"3252\"><li data-section-id=\"1d90ncc\" data-start=\"2680\" data-end=\"2715\"><p data-start=\"2682\" data-end=\"2715\">R\u00e9pondre aux demandes et aux requ\u00eates<\/p><\/li><li data-section-id=\"19lixyi\" data-start=\"2716\" data-end=\"2752\"><p data-start=\"2718\" data-end=\"2752\">Vous contacter concernant nos services<\/p><\/li><li data-section-id=\"9pgeh0\" data-start=\"2753\" data-end=\"2821\"><p data-start=\"2755\" data-end=\"2821\">\u00c9valuer des projets potentiels, des partenariats ou des missions de conseil<\/p><\/li><li data-section-id=\"17xldrn\" data-start=\"2822\" data-end=\"2936\"><p data-start=\"2824\" data-end=\"2936\">Fournir des informations sur le stockage d\u2019\u00e9nergie par batteries, les interconnexions, les autorisations (permis), la mod\u00e9lisation financi\u00e8re et les services connexes<\/p><\/li><li data-section-id=\"110mqyr\" data-start=\"2937\" data-end=\"2993\"><p data-start=\"2939\" data-end=\"2993\">Am\u00e9liorer les performances, la conception et les fonctionnalit\u00e9s du site web<\/p><\/li><li data-section-id=\"coxkix\" data-start=\"2994\" data-end=\"3035\"><p data-start=\"2996\" data-end=\"3035\">Analyser l\u2019utilisation du site et le comportement des visiteurs<\/p><\/li><li data-section-id=\"1ry4yp9\" data-start=\"3036\" data-end=\"3082\"><p data-start=\"3038\" data-end=\"3082\">Assurer la s\u00e9curit\u00e9 du site web et pr\u00e9venir toute utilisation abusive<\/p><\/li><li data-section-id=\"1jy2ksj\" data-start=\"3083\" data-end=\"3142\"><p data-start=\"3085\" data-end=\"3142\">Se conformer aux obligations l\u00e9gales, r\u00e9glementaires ou contractuelles<\/p><\/li><li data-section-id=\"1h95ug7\" data-start=\"3143\" data-end=\"3197\"><p data-start=\"3145\" data-end=\"3197\">Prot\u00e9ger nos droits, nos int\u00e9r\u00eats commerciaux et nos biens<\/p><\/li><li data-section-id=\"11icgo2\" data-start=\"3198\" data-end=\"3252\"><p data-start=\"3200\" data-end=\"3252\">Conserver les dossiers commerciaux et l\u2019historique des correspondances<\/p><\/li><\/ul><p data-start=\"3254\" data-end=\"3295\">Nous ne vendons pas vos informations personnelles.<\/p><h2 data-section-id=\"195jm80\" data-start=\"3297\" data-end=\"3330\">4. Base l\u00e9gale du traitement<\/h2><p data-start=\"3332\" data-end=\"3466\">Lorsque cela est applicable en vertu des lois sur la protection des donn\u00e9es, Blake Street Energy traite les informations personnelles sur la base d\u2019un ou plusieurs des fondements suivants :<\/p><ul data-start=\"3467\" data-end=\"3677\"><li data-section-id=\"1dax7fb\" data-start=\"3467\" data-end=\"3481\"><p data-start=\"3469\" data-end=\"3481\">Votre consentement<\/p><\/li><li data-section-id=\"k87his\" data-start=\"3482\" data-end=\"3517\"><p data-start=\"3484\" data-end=\"3517\">Nos int\u00e9r\u00eats commerciaux l\u00e9gitimes<\/p><\/li><li data-section-id=\"1gcy2iw\" data-start=\"3518\" data-end=\"3608\"><p data-start=\"3520\" data-end=\"3608\">L\u2019ex\u00e9cution d\u2019un contrat ou les mesures prises \u00e0 votre demande avant la conclusion d\u2019un contrat<\/p><\/li><li data-section-id=\"17nrdzp\" data-start=\"3609\" data-end=\"3644\"><p data-start=\"3611\" data-end=\"3644\">Le respect des obligations l\u00e9gales<\/p><\/li><li data-section-id=\"18segka\" data-start=\"3645\" data-end=\"3677\"><p data-start=\"3647\" data-end=\"3677\">La protection de nos droits l\u00e9gaux<\/p><\/li><\/ul><h2 data-section-id=\"soym59\" data-start=\"3679\" data-end=\"3709\">5. Comment nous partageons les informations<\/h2><p data-start=\"3711\" data-end=\"3861\">Nous pouvons partager des informations uniquement lorsque cela est raisonnablement n\u00e9cessaire pour les op\u00e9rations commerciales, la conformit\u00e9 l\u00e9gale ou la fourniture de services. Cela peut inclure le partage avec :<\/p><ul data-start=\"3862\" data-end=\"4223\"><li data-section-id=\"1kmp14x\" data-start=\"3862\" data-end=\"3889\"><p data-start=\"3864\" data-end=\"3889\">Les fournisseurs d\u2019h\u00e9bergement de sites web<\/p><\/li><li data-section-id=\"agjdbc\" data-start=\"3890\" data-end=\"3912\"><p data-start=\"3892\" data-end=\"3912\">Les prestataires de support informatique<\/p><\/li><li data-section-id=\"2g0lta\" data-start=\"3913\" data-end=\"3949\"><p data-start=\"3915\" data-end=\"3949\">Les fournisseurs de services de messagerie \u00e9lectronique et de communication<\/p><\/li><li data-section-id=\"1u3yaj0\" data-start=\"3950\" data-end=\"3992\"><p data-start=\"3952\" data-end=\"3992\">Les fournisseurs de services d\u2019analyse et de s\u00e9curit\u00e9<\/p><\/li><li data-section-id=\"6s0os9\" data-start=\"3993\" data-end=\"4074\"><p data-start=\"3995\" data-end=\"4074\">Les conseillers professionnels, y compris les avocats, les comptables, les auditeurs ou les consultants<\/p><\/li><li data-section-id=\"krp044\" data-start=\"4075\" data-end=\"4162\"><p data-start=\"4077\" data-end=\"4162\">Les sous-traitants ou prestataires de services qui assistent dans l\u2019exploitation du site web ou l\u2019examen des projets<\/p><\/li><li data-section-id=\"1mudojk\" data-start=\"4163\" data-end=\"4223\"><p data-start=\"4165\" data-end=\"4223\">Les autorit\u00e9s gouvernementales ou les organismes de r\u00e9glementation lorsque la loi l\u2019exige<\/p><\/li><\/ul><p data-start=\"4225\" data-end=\"4258\">Nous pouvons \u00e9galement divulguer des informations :<\/p><ul data-start=\"4259\" data-end=\"4467\"><li data-section-id=\"4tm8ds\" data-start=\"4259\" data-end=\"4307\"><p data-start=\"4261\" data-end=\"4307\">Pour faire respecter nos droits, accords ou politiques<\/p><\/li><li data-section-id=\"1fh3ams\" data-start=\"4308\" data-end=\"4360\"><p data-start=\"4310\" data-end=\"4360\">Pour enqu\u00eater sur des fraudes, des abus ou des incidents de s\u00e9curit\u00e9<\/p><\/li><li data-section-id=\"3162ag\" data-start=\"4361\" data-end=\"4467\"><p data-start=\"4363\" data-end=\"4467\">Dans le cadre d\u2019une fusion, d\u2019une acquisition, d\u2019une restructuration ou de la vente d\u2019actifs commerciaux, si cela est autoris\u00e9 par la loi<\/p><\/li><\/ul><p data-start=\"4469\" data-end=\"4599\">Tout tiers recevant des informations de notre part est tenu de les traiter de mani\u00e8re appropri\u00e9e et uniquement \u00e0 des fins commerciales l\u00e9gitimes.<\/p><h2 data-section-id=\"1xniu2o\" data-start=\"4601\" data-end=\"4639\">6. Cookies et technologies similaires<\/h2><p data-start=\"4641\" data-end=\"4939\">Nous pouvons utiliser des cookies, des outils d\u2019analyse et des technologies similaires pour am\u00e9liorer les fonctionnalit\u00e9s du site web, comprendre les sch\u00e9mas de trafic, m\u00e9moriser les pr\u00e9f\u00e9rences et am\u00e9liorer l\u2019exp\u00e9rience utilisateur. Certains cookies sont essentiels au fonctionnement du site web, tandis que d\u2019autres nous aident \u00e0 mesurer les performances et \u00e0 optimiser le contenu.<\/p><p data-start=\"4941\" data-end=\"5064\">Vous pouvez contr\u00f4ler les param\u00e8tres des cookies via votre navigateur. La d\u00e9sactivation des cookies peut affecter certaines fonctionnalit\u00e9s ou les performances du site web.<\/p><p data-start=\"5066\" data-end=\"5110\">Veuillez \u00e9galement consulter notre Politique relative aux cookies ci-dessous.<\/p><h2 data-section-id=\"1pl3zko\" data-start=\"5112\" data-end=\"5132\">7. Conservation des donn\u00e9es<\/h2><p data-start=\"5134\" data-end=\"5270\">Nous conservons les informations personnelles uniquement pendant la dur\u00e9e raisonnablement n\u00e9cessaire aux fins d\u00e9crites dans cette Politique de confidentialit\u00e9, notamment pour :<\/p><ul data-start=\"5271\" data-end=\"5454\"><li data-section-id=\"19pec2a\" data-start=\"5271\" data-end=\"5296\"><p data-start=\"5273\" data-end=\"5296\">R\u00e9pondre \u00e0 votre demande<\/p><\/li><li data-section-id=\"8lml75\" data-start=\"5297\" data-end=\"5343\"><p data-start=\"5299\" data-end=\"5343\">Conserver les dossiers commerciaux et les communications<\/p><\/li><li data-section-id=\"51c3uo\" data-start=\"5344\" data-end=\"5401\"><p data-start=\"5346\" data-end=\"5401\">Respecter les obligations l\u00e9gales, fiscales, comptables et r\u00e9glementaires<\/p><\/li><li data-section-id=\"1okpexx\" data-start=\"5402\" data-end=\"5420\"><p data-start=\"5404\" data-end=\"5420\">R\u00e9soudre les litiges<\/p><\/li><li data-section-id=\"zb95vq\" data-start=\"5421\" data-end=\"5454\"><p data-start=\"5423\" data-end=\"5454\">Faire respecter les accords et les politiques<\/p><\/li><\/ul><p data-start=\"5456\" data-end=\"5567\">La dur\u00e9e exacte de conservation peut varier en fonction de la nature des informations et de la raison pour laquelle elles ont \u00e9t\u00e9 collect\u00e9es.<\/p><h2 data-section-id=\"1mj8ub9\" data-start=\"5569\" data-end=\"5588\">8. S\u00e9curit\u00e9 des donn\u00e9es<\/h2><p data-start=\"5590\" data-end=\"5921\">Nous utilisons des mesures de protection administratives, techniques et organisationnelles raisonnables pour prot\u00e9ger les informations contre tout acc\u00e8s non autoris\u00e9, perte, utilisation abusive, modification et divulgation. Toutefois, aucun site web, serveur, m\u00e9thode de transmission ou syst\u00e8me de stockage n\u2019est totalement s\u00e9curis\u00e9. Bien que nous prenions la s\u00e9curit\u00e9 au s\u00e9rieux, nous ne pouvons pas garantir une s\u00e9curit\u00e9 absolue.<\/p><p data-start=\"5923\" data-end=\"6069\">Les utilisateurs doivent \u00e9viter d\u2019envoyer des informations hautement sensibles ou confidentielles via des formulaires de site web ordinaires, sauf si des mesures de protection appropri\u00e9es sont en place.<\/p><h2 data-section-id=\"1qtx0io\" data-start=\"6071\" data-end=\"6105\">9. Transferts internationaux de donn\u00e9es<\/h2><p data-start=\"6107\" data-end=\"6532\">\u00c9tant donn\u00e9 que Blake Street Energy peut travailler avec des clients, des partenaires, des fournisseurs ou des visiteurs du site web situ\u00e9s dans diff\u00e9rents pays, vos informations peuvent \u00eatre trait\u00e9es dans des juridictions en dehors de la v\u00f4tre. En utilisant le site web ou en nous soumettant des informations, vous reconnaissez que vos informations peuvent \u00eatre transf\u00e9r\u00e9es et trait\u00e9es aux \u00c9tats-Unis ou dans d\u2019autres juridictions o\u00f9 les lois sur la protection des donn\u00e9es peuvent diff\u00e9rer de celles de votre lieu de r\u00e9sidence.<\/p><h2 data-section-id=\"1w555iy\" data-start=\"6534\" data-end=\"6571\">10. Sites web et liens de tiers<\/h2><p data-start=\"6573\" data-end=\"6884\">Notre site web peut inclure des liens vers des sites web ou des services de tiers \u00e0 des fins de commodit\u00e9 ou de r\u00e9f\u00e9rence. Blake Street Energy ne contr\u00f4le pas ces sites tiers et n\u2019est pas responsable de leur contenu, de leurs pratiques en mati\u00e8re de confidentialit\u00e9 ou de leurs conditions. Nous vous encourageons \u00e0 consulter les politiques de confidentialit\u00e9 de tout site tiers que vous visitez.<\/p><h2 data-section-id=\"16qr5s9\" data-start=\"6886\" data-end=\"6904\">11. Vos droits<\/h2><p data-start=\"6906\" data-end=\"7033\">Selon votre lieu de r\u00e9sidence et la l\u00e9gislation applicable, vous pouvez disposer de droits concernant vos informations personnelles, notamment le droit de :<\/p><ul data-start=\"7034\" data-end=\"7435\"><li data-section-id=\"1gu0ais\" data-start=\"7034\" data-end=\"7089\"><p data-start=\"7036\" data-end=\"7089\">Demander l\u2019acc\u00e8s aux donn\u00e9es personnelles que nous d\u00e9tenons \u00e0 votre sujet<\/p><\/li><li data-section-id=\"1m2mhyz\" data-start=\"7090\" data-end=\"7136\"><p data-start=\"7092\" data-end=\"7136\">Demander la correction des informations inexactes<\/p><\/li><li data-section-id=\"ofw5fw\" data-start=\"7137\" data-end=\"7172\"><p data-start=\"7139\" data-end=\"7172\">Demander la suppression des donn\u00e9es personnelles<\/p><\/li><li data-section-id=\"1hi7kb3\" data-start=\"7173\" data-end=\"7208\"><p data-start=\"7175\" data-end=\"7208\">Demander la limitation du traitement<\/p><\/li><li data-section-id=\"xz2m8\" data-start=\"7209\" data-end=\"7250\"><p data-start=\"7211\" data-end=\"7250\">S\u2019opposer \u00e0 certaines activit\u00e9s de traitement<\/p><\/li><li data-section-id=\"12t7ruu\" data-start=\"7251\" data-end=\"7306\"><p data-start=\"7253\" data-end=\"7306\">Retirer votre consentement lorsque le traitement est fond\u00e9 sur celui-ci<\/p><\/li><li data-section-id=\"66gdy8\" data-start=\"7307\" data-end=\"7373\"><p data-start=\"7309\" data-end=\"7373\">Demander la portabilit\u00e9 de vos informations lorsque cela est l\u00e9galement applicable<\/p><\/li><li data-section-id=\"d0lg41\" data-start=\"7374\" data-end=\"7435\"><p data-start=\"7376\" data-end=\"7435\">D\u00e9poser une plainte aupr\u00e8s d\u2019une autorit\u00e9 de contr\u00f4le comp\u00e9tente<\/p><\/li><\/ul><p data-start=\"7437\" data-end=\"7566\" class=\"translation-block\">Pour exercer l\u2019un de ces droits, contactez-nous \u00e0 l\u2019adresse suivante : info@blakestreetenergy.com\n. Nous pouvons \u00eatre amen\u00e9s \u00e0 v\u00e9rifier votre identit\u00e9 avant de r\u00e9pondre.<\/p><h2 data-section-id=\"wydql3\" data-start=\"7568\" data-end=\"7593\">12. Confidentialit\u00e9 des enfants<\/h2><p data-start=\"7595\" data-end=\"7954\">Ce site web est destin\u00e9 \u00e0 un public professionnel. Il ne s\u2019adresse pas aux enfants de moins de 13 ans, et Blake Street Energy ne collecte pas sciemment d\u2019informations personnelles aupr\u00e8s d\u2019enfants. Si nous apprenons qu\u2019un enfant nous a fourni des informations personnelles sans consentement appropri\u00e9, nous prendrons des mesures raisonnables pour supprimer ces informations.<\/p><h2 data-section-id=\"1npddiw\" data-start=\"7956\" data-end=\"7975\">13. Ne pas suivre (Do Not Track)<\/h2><p data-start=\"7977\" data-end=\"8171\">Certains navigateurs proposent un param\u00e8tre \u00ab Ne pas suivre \u00bb (Do Not Track). \u00c9tant donn\u00e9 qu\u2019il n\u2019existe pas encore de norme universellement accept\u00e9e pour r\u00e9pondre \u00e0 ces signaux, notre site web peut ne pas r\u00e9pondre \u00e0 tous les m\u00e9canismes Do Not Track.<\/p><h2 data-section-id=\"1v955s\" data-start=\"8173\" data-end=\"8210\">14. Modifications de cette Politique de confidentialit\u00e9<\/h2><p data-start=\"8212\" data-end=\"8476\">Blake Street Energy peut mettre \u00e0 jour cette Politique de confidentialit\u00e9 de temps \u00e0 autre afin de refl\u00e9ter des changements juridiques, techniques, op\u00e9rationnels ou commerciaux. La version r\u00e9vis\u00e9e sera publi\u00e9e sur cette page, et l\u2019utilisation continue du site web apr\u00e8s sa publication signifie que vous acceptez la politique mise \u00e0 jour.<\/p><h2 data-section-id=\"1eh5ig9\" data-start=\"8478\" data-end=\"8495\">15. Contactez-nous<\/h2><p data-start=\"8497\" data-end=\"8599\">Si vous avez des questions concernant cette Politique de confidentialit\u00e9 ou la mani\u00e8re dont nous traitons les informations personnelles, veuillez contacter :<\/p><p data-start=\"8601\" data-end=\"8804\"><strong data-start=\"8601\" data-end=\"8624\">Blake Street Energy<\/strong><br data-start=\"8624\" data-end=\"8627\" \/>755 Canyon Boulevard, Suite 1<br data-start=\"8656\" data-end=\"8659\" \/>Boulder, Colorado 80302<br data-start=\"8682\" data-end=\"8685\" \/>United States<br data-start=\"8698\" data-end=\"8701\" \/><strong data-start=\"8701\" data-end=\"8711\">Email:<\/strong> <a class=\"decorated-link cursor-pointer\" rel=\"noopener\" data-start=\"8712\" data-end=\"8738\">info@blakestreetenergy.com<\/a><br data-start=\"8738\" data-end=\"8741\" \/><strong data-start=\"8741\" data-end=\"8758\">Office Phone:<\/strong> +1 720-303-1950<br data-start=\"8774\" data-end=\"8777\" \/><strong data-start=\"8777\" data-end=\"8788\">Mobile:<\/strong> +1 720-900-8393<\/p>\t\t\t\t\t\t\t\t<\/div>\n\t\t\t\t\t<\/div>\n\t\t\t\t<\/div>\n\t\t\t\t<\/div>","protected":false},"excerpt":{"rendered":"<p>Privacy Policy Blake Street Energy respects your privacy and is committed to protecting the information you share with us through our website and communications channels. This Privacy Policy explains how we collect, use, store, disclose, and protect your information when you visit our website, contact us, submit an inquiry, or otherwise interact with Blake Street [&hellip;]<\/p>\n","protected":false},"author":1,"featured_media":0,"parent":0,"menu_order":0,"comment_status":"closed","ping_status":"closed","template":"elementor_header_footer","meta":{"footnotes":""},"class_list":["post-468","page","type-page","status-publish","hentry"],"_links":{"self":[{"href":"https:\/\/blakestreetenergy.com\/fr\/wp-json\/wp\/v2\/pages\/468","targetHints":{"allow":["GET"]}}],"collection":[{"href":"https:\/\/blakestreetenergy.com\/fr\/wp-json\/wp\/v2\/pages"}],"about":[{"href":"https:\/\/blakestreetenergy.com\/fr\/wp-json\/wp\/v2\/types\/page"}],"author":[{"embeddable":true,"href":"https:\/\/blakestreetenergy.com\/fr\/wp-json\/wp\/v2\/users\/1"}],"replies":[{"embeddable":true,"href":"https:\/\/blakestreetenergy.com\/fr\/wp-json\/wp\/v2\/comments?post=468"}],"version-history":[{"count":7,"href":"https:\/\/blakestreetenergy.com\/fr\/wp-json\/wp\/v2\/pages\/468\/revisions"}],"predecessor-version":[{"id":476,"href":"https:\/\/blakestreetenergy.com\/fr\/wp-json\/wp\/v2\/pages\/468\/revisions\/476"}],"wp:attachment":[{"href":"https:\/\/blakestreetenergy.com\/fr\/wp-json\/wp\/v2\/media?parent=468"}],"curies":[{"name":"wp","href":"https:\/\/api.w.org\/{rel}","templated":true}]}}